{"id":138,"date":"2016-09-06T06:55:59","date_gmt":"2016-09-06T06:55:59","guid":{"rendered":"http:\/\/espoonseudunkulttuurisaatio.fi\/?page_id=138"},"modified":"2016-12-17T14:28:30","modified_gmt":"2016-12-17T14:28:30","slug":"varainhankinta","status":"publish","type":"page","link":"https:\/\/espoonseudunkulttuurisaatio.fi\/?page_id=138","title":{"rendered":"Varainhankinta"},"content":{"rendered":"<p>S\u00e4\u00e4ti\u00f6 voi s\u00e4\u00e4nt\u00f6jens\u00e4 mukaan vastaanottaa lahjoituksia ja testamentteja. S\u00e4\u00e4ti\u00f6lle tehdyt lahjoitukset ovat v\u00e4hennyskelpoisia (Verohallituksen p\u00e4\u00e4t\u00f6s).<\/p>\n<p>Kyselyihin vastaa asiamies Hannu Viitanen puh. 040 533 8911 tai mail hannu.viitanen@kolumbus.fi.<\/p>\n<p>&nbsp;<\/p>\n","protected":false},"excerpt":{"rendered":"<p>S\u00e4\u00e4ti\u00f6 voi s\u00e4\u00e4nt\u00f6jens\u00e4 mukaan vastaanottaa lahjoituksia ja testamentteja. S\u00e4\u00e4ti\u00f6lle tehdyt lahjoitukset ovat v\u00e4hennyskelpoisia (Verohallituksen p\u00e4\u00e4t\u00f6s). Kyselyihin vastaa asiamies Hannu Viitanen puh. 040 533 8911 tai mail hannu.viitanen@kolumbus.fi. &nbsp;<\/p>\n","protected":false},"author":1,"featured_media":0,"parent":0,"menu_order":0,"comment_status":"closed","ping_status":"closed","template":"","meta":{"footnotes":"","_links_to":"","_links_to_target":""},"class_list":["post-138","page","type-page","status-publish","hentry"],"_links":{"self":[{"href":"https:\/\/espoonseudunkulttuurisaatio.fi\/index.php?rest_route=\/wp\/v2\/pages\/138","targetHints":{"allow":["GET"]}}],"collection":[{"href":"https:\/\/espoonseudunkulttuurisaatio.fi\/index.php?rest_route=\/wp\/v2\/pages"}],"about":[{"href":"https:\/\/espoonseudunkulttuurisaatio.fi\/index.php?rest_route=\/wp\/v2\/types\/page"}],"author":[{"embeddable":true,"href":"https:\/\/espoonseudunkulttuurisaatio.fi\/index.php?rest_route=\/wp\/v2\/users\/1"}],"replies":[{"embeddable":true,"href":"https:\/\/espoonseudunkulttuurisaatio.fi\/index.php?rest_route=%2Fwp%2Fv2%2Fcomments&post=138"}],"version-history":[{"count":4,"href":"https:\/\/espoonseudunkulttuurisaatio.fi\/index.php?rest_route=\/wp\/v2\/pages\/138\/revisions"}],"predecessor-version":[{"id":307,"href":"https:\/\/espoonseudunkulttuurisaatio.fi\/index.php?rest_route=\/wp\/v2\/pages\/138\/revisions\/307"}],"wp:attachment":[{"href":"https:\/\/espoonseudunkulttuurisaatio.fi\/index.php?rest_route=%2Fwp%2Fv2%2Fmedia&parent=138"}],"curies":[{"name":"wp","href":"https:\/\/api.w.org\/{rel}","templated":true}]}}