{"id":16,"date":"2016-08-03T11:27:15","date_gmt":"2016-08-03T11:27:15","guid":{"rendered":"http:\/\/espoonseudunkulttuurisaatio.fi\/?page_id=16"},"modified":"2016-12-12T12:18:37","modified_gmt":"2016-12-12T12:18:37","slug":"tarkoitus-ja-toiminta","status":"publish","type":"page","link":"https:\/\/espoonseudunkulttuurisaatio.fi\/?page_id=16","title":{"rendered":"Tarkoitus ja toiminta"},"content":{"rendered":"<p>Espoon Seudun Kulttuuris\u00e4\u00e4ti\u00f6n tarkoituksena on is\u00e4nmaallisen hengen ja kotiseudun henkisen ja aineellisen hyvinvoinnin edist\u00e4minen sek\u00e4 asukkaiden sosiaalisen vuorovaikutuksen vaaliminen ja kehitt\u00e4minen.<\/p>\n<p>S\u00e4\u00e4ti\u00f6 toteuttaa tarkoitustaan jakamalla apurahoja ja palkintoja tarkoituksiin, jotka edist\u00e4v\u00e4t nuorison ammattitaitoa, tieteellist\u00e4 ja taiteellista toimintaa sek\u00e4 tutkimusty\u00f6t\u00e4 ik\u00e4\u00e4ntyvien ihmisten<br \/>\nel\u00e4m\u00e4nolosuhteiden parantamiseksi. Se tukee muutenkin sellaista toimintaa, joka edist\u00e4\u00e4 kotiseudun kulttuurin, tieteen ja taiteen kaikinpuolista menestymist\u00e4.<\/p>\n<p>S\u00e4\u00e4ti\u00f6 vastaanottaa lahjoituksia, merkkip\u00e4iv\u00e4lahjoituksia ja j\u00e4lkis\u00e4\u00e4d\u00f6ksi\u00e4.<\/p>\n<p>S\u00e4\u00e4ti\u00f6 perusti vuonna 2004 \u201dAurora Karamzinin\u201d rahaston tukemaan ik\u00e4\u00e4ntyvien el\u00e4m\u00e4nolosuhteiden parantamista edist\u00e4v\u00e4\u00e4 tutkimusta. Rahaston kartuttaminen jatkuu.<\/p>\n<p>S\u00e4\u00e4ti\u00f6 perusti vuonna 2004 my\u00f6s \u201dYleisrahaston\u201d, jonka tarkoituksena on apurahoja ja palkintoja jakamalla tai muulla tavoin toimia s\u00e4\u00e4ti\u00f6n tavoitteiden edist\u00e4miseksi tukemalla erityisesti nuorison koulutusta sek\u00e4 tiedett\u00e4, taidetta ja tutkimusta sek\u00e4 muuta kulttuuritoimintaa. Rahaston kartuttaminen jatkuu.<\/p>\n<p>S\u00e4\u00e4ti\u00f6 perusti vuonna 2006 \u201dYritt\u00e4jyyden rahaston\u201d, jonka tarkoituksena<br \/>\non apurahoja ja palkintoja jakamalla tukea erityisesti nuorten yritt\u00e4jyyteen liittyv\u00e4\u00e4 jatkokoulutusta sek\u00e4 luovan yritt\u00e4jyyden edellytysten ja kehitt\u00e4misen tutkimusta edist\u00e4en n\u00e4in yritt\u00e4jyyden sopeutumista ymp\u00e4r\u00f6iv\u00e4n yhteiskunnan tarpeisiin. Rahaston kartuttaminen jatkuu.<\/p>\n","protected":false},"excerpt":{"rendered":"<p>Espoon Seudun Kulttuuris\u00e4\u00e4ti\u00f6n tarkoituksena on is\u00e4nmaallisen hengen ja kotiseudun henkisen ja aineellisen hyvinvoinnin edist\u00e4minen sek\u00e4 asukkaiden sosiaalisen vuorovaikutuksen vaaliminen ja kehitt\u00e4minen. S\u00e4\u00e4ti\u00f6 toteuttaa tarkoitustaan jakamalla apurahoja ja palkintoja tarkoituksiin, jotka edist\u00e4v\u00e4t nuorison ammattitaitoa, tieteellist\u00e4 ja taiteellista toimintaa sek\u00e4 tutkimusty\u00f6t\u00e4 ik\u00e4\u00e4ntyvien ihmisten el\u00e4m\u00e4nolosuhteiden parantamiseksi. Se tukee muutenkin sellaista toimintaa, joka edist\u00e4\u00e4 kotiseudun kulttuurin, tieteen ja taiteen [&hellip;]<\/p>\n","protected":false},"author":1,"featured_media":0,"parent":61,"menu_order":0,"comment_status":"closed","ping_status":"closed","template":"","meta":{"footnotes":"","_links_to":"","_links_to_target":""},"class_list":["post-16","page","type-page","status-publish","hentry"],"_links":{"self":[{"href":"https:\/\/espoonseudunkulttuurisaatio.fi\/index.php?rest_route=\/wp\/v2\/pages\/16","targetHints":{"allow":["GET"]}}],"collection":[{"href":"https:\/\/espoonseudunkulttuurisaatio.fi\/index.php?rest_route=\/wp\/v2\/pages"}],"about":[{"href":"https:\/\/espoonseudunkulttuurisaatio.fi\/index.php?rest_route=\/wp\/v2\/types\/page"}],"author":[{"embeddable":true,"href":"https:\/\/espoonseudunkulttuurisaatio.fi\/index.php?rest_route=\/wp\/v2\/users\/1"}],"replies":[{"embeddable":true,"href":"https:\/\/espoonseudunkulttuurisaatio.fi\/index.php?rest_route=%2Fwp%2Fv2%2Fcomments&post=16"}],"version-history":[{"count":2,"href":"https:\/\/espoonseudunkulttuurisaatio.fi\/index.php?rest_route=\/wp\/v2\/pages\/16\/revisions"}],"predecessor-version":[{"id":281,"href":"https:\/\/espoonseudunkulttuurisaatio.fi\/index.php?rest_route=\/wp\/v2\/pages\/16\/revisions\/281"}],"up":[{"embeddable":true,"href":"https:\/\/espoonseudunkulttuurisaatio.fi\/index.php?rest_route=\/wp\/v2\/pages\/61"}],"wp:attachment":[{"href":"https:\/\/espoonseudunkulttuurisaatio.fi\/index.php?rest_route=%2Fwp%2Fv2%2Fmedia&parent=16"}],"curies":[{"name":"wp","href":"https:\/\/api.w.org\/{rel}","templated":true}]}}