{"id":19,"date":"2016-08-03T11:29:00","date_gmt":"2016-08-03T11:29:00","guid":{"rendered":"http:\/\/espoonseudunkulttuurisaatio.fi\/?page_id=19"},"modified":"2025-12-09T10:56:42","modified_gmt":"2025-12-09T10:56:42","slug":"19-2","status":"publish","type":"page","link":"https:\/\/espoonseudunkulttuurisaatio.fi\/?page_id=19","title":{"rendered":"Hallitus"},"content":{"rendered":"<p>S\u00e4\u00e4ti\u00f6n hallitus hoitaa s\u00e4\u00e4ti\u00f6lain mukaiset teht\u00e4v\u00e4t.\u00a0\u00a0Hallitus vastaa vuotuisesta apurahojen jaosta (yleens\u00e4 syyskuussa) ja tekee asiamiehen esityksest\u00e4\u00a0 apurahap\u00e4\u00e4t\u00f6kset.<\/p>\n<p><strong>Puheenjohtaja<\/strong><br \/><em>Hannu Viitanen<\/em>, Espoon Sotaveteraanit ry<\/p>\n<p><strong>Varapuheenjohtaja<\/strong><br \/><em>Olli M\u00e4nnikk\u00f6<\/em>, Espoon kaupunki<\/p>\n<p><strong>J\u00e4senet<\/strong><\/p>\n<p><em>Riitta-Liisa Jaatinen<\/em>, Espoon sotaveteraanien perinnetoimikunta<\/p>\n<p><em>Olli Ollila<\/em>, Espoon sotaveteraanien perinnetoimikunta<\/p>\n<p><em>Mikko Perkko<\/em>, Espoon kaupunginosayhdistysten liitto ry<\/p>\n<p><em>Leena Salomaa<\/em>, Kirkkonummen kunta<\/p>\n<p><em>Sampo Suihko<\/em>, Espoon sotaveteraanien perinnetoimikunta<\/p>\n<p><em>Helena Sederholm<\/em>, Aalto-yliopisto<\/p>\n<p><em>Stefan Stenberg<\/em>, Kauniaisten kaupunki<\/p>\n<p><em>Sampo Suihko<\/em>, Espoon Sotaveteraanien perinnetoimikunta<\/p>\n<p><strong>Yhteydenotot<\/strong><br \/><em>Hannu Viitanen puh 040 533 8911<\/em><\/p>\n<p><em>S\u00e4hk\u00f6posti hannu.viitanen@kolumbus.fi<\/em><\/p>\n\n\n<p><\/p>\n","protected":false},"excerpt":{"rendered":"<p>S\u00e4\u00e4ti\u00f6n hallitus hoitaa s\u00e4\u00e4ti\u00f6lain mukaiset teht\u00e4v\u00e4t.\u00a0\u00a0Hallitus vastaa vuotuisesta apurahojen jaosta (yleens\u00e4 syyskuussa) ja tekee asiamiehen esityksest\u00e4\u00a0 apurahap\u00e4\u00e4t\u00f6kset. PuheenjohtajaHannu Viitanen, Espoon Sotaveteraanit ry VarapuheenjohtajaOlli M\u00e4nnikk\u00f6, Espoon kaupunki J\u00e4senet Riitta-Liisa Jaatinen, Espoon sotaveteraanien perinnetoimikunta Olli Ollila, Espoon sotaveteraanien perinnetoimikunta Mikko Perkko, Espoon kaupunginosayhdistysten liitto ry Leena Salomaa, Kirkkonummen kunta Sampo Suihko, Espoon sotaveteraanien perinnetoimikunta Helena Sederholm, Aalto-yliopisto [&hellip;]<\/p>\n","protected":false},"author":1,"featured_media":0,"parent":61,"menu_order":0,"comment_status":"closed","ping_status":"closed","template":"","meta":{"footnotes":"","_links_to":"","_links_to_target":""},"class_list":["post-19","page","type-page","status-publish","hentry"],"_links":{"self":[{"href":"https:\/\/espoonseudunkulttuurisaatio.fi\/index.php?rest_route=\/wp\/v2\/pages\/19","targetHints":{"allow":["GET"]}}],"collection":[{"href":"https:\/\/espoonseudunkulttuurisaatio.fi\/index.php?rest_route=\/wp\/v2\/pages"}],"about":[{"href":"https:\/\/espoonseudunkulttuurisaatio.fi\/index.php?rest_route=\/wp\/v2\/types\/page"}],"author":[{"embeddable":true,"href":"https:\/\/espoonseudunkulttuurisaatio.fi\/index.php?rest_route=\/wp\/v2\/users\/1"}],"replies":[{"embeddable":true,"href":"https:\/\/espoonseudunkulttuurisaatio.fi\/index.php?rest_route=%2Fwp%2Fv2%2Fcomments&post=19"}],"version-history":[{"count":27,"href":"https:\/\/espoonseudunkulttuurisaatio.fi\/index.php?rest_route=\/wp\/v2\/pages\/19\/revisions"}],"predecessor-version":[{"id":515,"href":"https:\/\/espoonseudunkulttuurisaatio.fi\/index.php?rest_route=\/wp\/v2\/pages\/19\/revisions\/515"}],"up":[{"embeddable":true,"href":"https:\/\/espoonseudunkulttuurisaatio.fi\/index.php?rest_route=\/wp\/v2\/pages\/61"}],"wp:attachment":[{"href":"https:\/\/espoonseudunkulttuurisaatio.fi\/index.php?rest_route=%2Fwp%2Fv2%2Fmedia&parent=19"}],"curies":[{"name":"wp","href":"https:\/\/api.w.org\/{rel}","templated":true}]}}