{"id":23,"date":"2016-08-03T11:30:23","date_gmt":"2016-08-03T11:30:23","guid":{"rendered":"http:\/\/espoonseudunkulttuurisaatio.fi\/?page_id=23"},"modified":"2025-12-09T10:35:21","modified_gmt":"2025-12-09T10:35:21","slug":"neuvottelukunta","status":"publish","type":"page","link":"https:\/\/espoonseudunkulttuurisaatio.fi\/?page_id=23","title":{"rendered":"Neuvottelukunta"},"content":{"rendered":"<p>S\u00e4\u00e4ti\u00f6n neuvottelukunta on hallituksen ty\u00f6t\u00e4 tukeva neuvoa-antava ty\u00f6ryhm\u00e4, joka edustaa s\u00e4\u00e4ti\u00f6n perustajatahoja ja sidosryhmi\u00e4. Neuvottelukunta kokoontuu 1-2 kertaa vuodessa. Neuvottelukuntaa informoidaan\u00a0s\u00e4\u00e4ti\u00f6n ajankohtaisista asioista. Kokouksissa\u00a0keskustellaan s\u00e4\u00e4ti\u00f6n toiminnasta ja kehitt\u00e4misest\u00e4.<\/p>\n<p><strong>Puheenjohtaja<\/strong><br \/>\n<em><span style=\"line-height: 1.75;\">Kai Mykk\u00e4nen, <\/span><\/em><span style=\"line-height: 1.75;\">kaupunginjohtaja<\/span><\/p>\n<p><strong>Varapuheenjohtaja<\/strong><br \/>\n<em>Virpi Sailas, <\/em>kunnanjohtaja<\/p>\n<p><strong>Varapuheenjohtaja<\/strong><br \/>\n<em>Christoffer Masar,\u00a0<\/em>kaupunginjohtaja<\/p>\n<p><em>Heidi Backman<\/em>, sivistystoimenjohtaja<br \/>\n<em>Kaisamari Hintikka<\/em>, piispa<br \/>\n<em>Pilvi Kalhama,\u00a0<\/em>museonjohtaja<br \/>\n<em>Maarit Kuikka<\/em>, toiminnanjohtaja<br \/>\n<em> Marketta Kokkonen, <\/em>kaupunkineuvos<br \/>\n<em> Hannele Kujala,\u00a0<\/em>sivistystoimenjohtaja<br \/>\n<em> Pekka L\u00f6yttyniemi,\u00a0<\/em>kaupunkineuvos<br \/>\n<em>Juha Metso, <\/em>perusturvajohtaja<br \/>\n<em>Matti Pursula, <\/em>rehtori<br \/>\n<em>Harri Rinta-Aho, toimialajohtaja<\/em><br \/>\n<em>Merja Rytsy,\u00a0<\/em>rehtori<br \/>\n<em>Jussi\u00a0Salo,\u00a0<\/em>p\u00e4\u00e4toimittaja<br \/>\n<em>Jarmo Vaittinen, <\/em>kansliap\u00e4\u00e4llikk\u00f6 emeritus<br \/>\n<em>Juha Vilja, <\/em>johtava intendentti<em><br \/>\n<\/em><\/p>\n","protected":false},"excerpt":{"rendered":"<p>S\u00e4\u00e4ti\u00f6n neuvottelukunta on hallituksen ty\u00f6t\u00e4 tukeva neuvoa-antava ty\u00f6ryhm\u00e4, joka edustaa s\u00e4\u00e4ti\u00f6n perustajatahoja ja sidosryhmi\u00e4. Neuvottelukunta kokoontuu 1-2 kertaa vuodessa. Neuvottelukuntaa informoidaan\u00a0s\u00e4\u00e4ti\u00f6n ajankohtaisista asioista. Kokouksissa\u00a0keskustellaan s\u00e4\u00e4ti\u00f6n toiminnasta ja kehitt\u00e4misest\u00e4. Puheenjohtaja Kai Mykk\u00e4nen, kaupunginjohtaja Varapuheenjohtaja Virpi Sailas, kunnanjohtaja Varapuheenjohtaja Christoffer Masar,\u00a0kaupunginjohtaja Heidi Backman, sivistystoimenjohtaja Kaisamari Hintikka, piispa Pilvi Kalhama,\u00a0museonjohtaja Maarit Kuikka, toiminnanjohtaja Marketta Kokkonen, kaupunkineuvos Hannele Kujala,\u00a0sivistystoimenjohtaja [&hellip;]<\/p>\n","protected":false},"author":1,"featured_media":0,"parent":61,"menu_order":0,"comment_status":"closed","ping_status":"closed","template":"","meta":{"footnotes":"","_links_to":"","_links_to_target":""},"class_list":["post-23","page","type-page","status-publish","hentry"],"_links":{"self":[{"href":"https:\/\/espoonseudunkulttuurisaatio.fi\/index.php?rest_route=\/wp\/v2\/pages\/23","targetHints":{"allow":["GET"]}}],"collection":[{"href":"https:\/\/espoonseudunkulttuurisaatio.fi\/index.php?rest_route=\/wp\/v2\/pages"}],"about":[{"href":"https:\/\/espoonseudunkulttuurisaatio.fi\/index.php?rest_route=\/wp\/v2\/types\/page"}],"author":[{"embeddable":true,"href":"https:\/\/espoonseudunkulttuurisaatio.fi\/index.php?rest_route=\/wp\/v2\/users\/1"}],"replies":[{"embeddable":true,"href":"https:\/\/espoonseudunkulttuurisaatio.fi\/index.php?rest_route=%2Fwp%2Fv2%2Fcomments&post=23"}],"version-history":[{"count":23,"href":"https:\/\/espoonseudunkulttuurisaatio.fi\/index.php?rest_route=\/wp\/v2\/pages\/23\/revisions"}],"predecessor-version":[{"id":507,"href":"https:\/\/espoonseudunkulttuurisaatio.fi\/index.php?rest_route=\/wp\/v2\/pages\/23\/revisions\/507"}],"up":[{"embeddable":true,"href":"https:\/\/espoonseudunkulttuurisaatio.fi\/index.php?rest_route=\/wp\/v2\/pages\/61"}],"wp:attachment":[{"href":"https:\/\/espoonseudunkulttuurisaatio.fi\/index.php?rest_route=%2Fwp%2Fv2%2Fmedia&parent=23"}],"curies":[{"name":"wp","href":"https:\/\/api.w.org\/{rel}","templated":true}]}}