{"id":29,"date":"2016-08-03T11:31:55","date_gmt":"2016-08-03T11:31:55","guid":{"rendered":"http:\/\/espoonseudunkulttuurisaatio.fi\/?page_id=29"},"modified":"2020-10-15T11:58:42","modified_gmt":"2020-10-15T11:58:42","slug":"apurahat","status":"publish","type":"page","link":"https:\/\/espoonseudunkulttuurisaatio.fi\/?page_id=29","title":{"rendered":"Apurahat"},"content":{"rendered":"<p>S\u00e4\u00e4ti\u00f6 jakaa apurahoja ja palkintoja tarkoituksiin, jotka edist\u00e4v\u00e4t nuorison ammattitaitoa sek\u00e4 tieteellist\u00e4 ja taiteellista toimintaa. Apurahat kohdistetaan s\u00e4\u00e4ti\u00f6n toimialueella (Espoo, Kauniainen ja Kirkkonummi) toimiville.<\/p>\n<p>Apurahat on tarkoitettu annettavaksi l\u00e4hinn\u00e4 15 \u2013 30 vuotiaille nuorille tukena:<br \/>\ntaide- ja muissa kulttuuritoiminnoissa sek\u00e4<br \/>\ntieteess\u00e4 ja ammatillisissa jatko-opinnoissa.<br \/>\nN\u00e4m\u00e4 apurahat ovat yleens\u00e4 300 \u2013 2000 euron m\u00e4\u00e4r\u00e4isi\u00e4.<\/p>\n<p>S\u00e4\u00e4ti\u00f6 jakaa my\u00f6s tutkimusapurahoja ik\u00e4\u00e4ntyvien ihmisten el\u00e4m\u00e4nolosuhteiden parantamista edist\u00e4viin tutkimuksiin. Valinnassa painotetaan seuraavia tutkimusalueita:<\/p>\n<p>\u00b7 ik\u00e4\u00e4ntyv\u00e4n terveyden edist\u00e4minen,<br \/>\n\u00b7 ik\u00e4\u00e4ntyv\u00e4n sosiaalisen hyvinvoinnin edist\u00e4minen ja<br \/>\n\u00b7 ik\u00e4\u00e4ntyv\u00e4n kotona asumisen edist\u00e4minen.<\/p>\n<p>S\u00e4\u00e4ti\u00f6 tukee my\u00f6s apurahoja jakamalla nuorten yritt\u00e4jyyteen liittyv\u00e4\u00e4 jatkokoulutusta sek\u00e4 luovan yritt\u00e4jyyden edellytysten ja kehitt\u00e4misen tutkimusta edist\u00e4en n\u00e4in yritt\u00e4jyyden sopeutumista ymp\u00e4r\u00f6iv\u00e4n yhteiskunnan tarpeisiin.<\/p>\n<p>S\u00e4\u00e4ti\u00f6n apurahat julistetaan vuosittain haettaviksi paikallislehdiss\u00e4 loppukes\u00e4st\u00e4..<\/p>\n<p>Oheisena apurahojen hakemuskaavake <a href=\"https:\/\/espoonseudunkulttuurisaatio.fi\/wp-content\/uploads\/2016\/08\/hakemus_uusi_1.pdf\">PDF-muodossa<\/a>.<\/p>\n","protected":false},"excerpt":{"rendered":"<p>S\u00e4\u00e4ti\u00f6 jakaa apurahoja ja palkintoja tarkoituksiin, jotka edist\u00e4v\u00e4t nuorison ammattitaitoa sek\u00e4 tieteellist\u00e4 ja taiteellista toimintaa. Apurahat kohdistetaan s\u00e4\u00e4ti\u00f6n toimialueella (Espoo, Kauniainen ja Kirkkonummi) toimiville. Apurahat on tarkoitettu annettavaksi l\u00e4hinn\u00e4 15 \u2013 30 vuotiaille nuorille tukena: taide- ja muissa kulttuuritoiminnoissa sek\u00e4 tieteess\u00e4 ja ammatillisissa jatko-opinnoissa. N\u00e4m\u00e4 apurahat ovat yleens\u00e4 300 \u2013 2000 euron m\u00e4\u00e4r\u00e4isi\u00e4. S\u00e4\u00e4ti\u00f6 jakaa [&hellip;]<\/p>\n","protected":false},"author":1,"featured_media":0,"parent":61,"menu_order":0,"comment_status":"closed","ping_status":"closed","template":"","meta":{"footnotes":"","_links_to":"","_links_to_target":""},"class_list":["post-29","page","type-page","status-publish","hentry"],"_links":{"self":[{"href":"https:\/\/espoonseudunkulttuurisaatio.fi\/index.php?rest_route=\/wp\/v2\/pages\/29","targetHints":{"allow":["GET"]}}],"collection":[{"href":"https:\/\/espoonseudunkulttuurisaatio.fi\/index.php?rest_route=\/wp\/v2\/pages"}],"about":[{"href":"https:\/\/espoonseudunkulttuurisaatio.fi\/index.php?rest_route=\/wp\/v2\/types\/page"}],"author":[{"embeddable":true,"href":"https:\/\/espoonseudunkulttuurisaatio.fi\/index.php?rest_route=\/wp\/v2\/users\/1"}],"replies":[{"embeddable":true,"href":"https:\/\/espoonseudunkulttuurisaatio.fi\/index.php?rest_route=%2Fwp%2Fv2%2Fcomments&post=29"}],"version-history":[{"count":8,"href":"https:\/\/espoonseudunkulttuurisaatio.fi\/index.php?rest_route=\/wp\/v2\/pages\/29\/revisions"}],"predecessor-version":[{"id":429,"href":"https:\/\/espoonseudunkulttuurisaatio.fi\/index.php?rest_route=\/wp\/v2\/pages\/29\/revisions\/429"}],"up":[{"embeddable":true,"href":"https:\/\/espoonseudunkulttuurisaatio.fi\/index.php?rest_route=\/wp\/v2\/pages\/61"}],"wp:attachment":[{"href":"https:\/\/espoonseudunkulttuurisaatio.fi\/index.php?rest_route=%2Fwp%2Fv2%2Fmedia&parent=29"}],"curies":[{"name":"wp","href":"https:\/\/api.w.org\/{rel}","templated":true}]}}