{"id":39,"date":"2016-08-03T11:40:19","date_gmt":"2016-08-03T11:40:19","guid":{"rendered":"http:\/\/espoonseudunkulttuurisaatio.fi\/?page_id=39"},"modified":"2016-08-05T07:27:58","modified_gmt":"2016-08-05T07:27:58","slug":"syfte-och-verksamhet","status":"publish","type":"page","link":"https:\/\/espoonseudunkulttuurisaatio.fi\/?page_id=39","title":{"rendered":"Syfte och verksamhet"},"content":{"rendered":"<p>Stiftelsens m\u00e5l \u00e4r att fr\u00e4mja fosterlandsk\u00e4nslan och den fysiska och psykiska v\u00e4lf\u00e4rden i hembygden samt att sl\u00e5 vakt om och utveckla den sociala v\u00e4xelverkan mellan inv\u00e5narna.<\/p>\n<p>Stiftelsen f\u00f6rverkligar intentionerna genom att utdela stipendier och priser f\u00f6r \u00e4ndam\u00e5l som fr\u00e4mjar ungdomars yrkeskunskap, vetenskaplig<br \/>\noch konstn\u00e4rlig verksamhet samt forskning som syftar till att ge \u00e4ldre b\u00e4ttre levnadsf\u00f6rh\u00e5llanden. Stiftelsen st\u00f6der ocks\u00e5 verksamhet som fr\u00e4mjar en allm\u00e4n utveckling av kultur, vetenskap och konst.<\/p>\n<p>Stiftelsens huvudssagliga uppgift \u00e4r att samla medel samt att ta emot bl. donationer och testamenten.<\/p>\n<p>Stiftelsen har grundat en fond, \u201cAurora Karamzin\u201d \u2013 fonden, som st\u00f6d f\u00f6r forskning som utvecklar b\u00e4ttre levnadsf\u00f6rh\u00e5llanden f\u00f6r \u00e4ldre. Fonden ut\u00f6kas fortl\u00f6pande.<\/p>\n<p>Stiftelsen har ochs\u00e5 grundat \u201cAllm\u00e4nna fonden\u201d som genom att dela ut stipendier och pris eller p\u00e5 annat s\u00e4tt i enlighet med stiftelsens stadgar skall st\u00f6dja s\u00e4rskilt ungdomars utbildning samt vetenskap, konst och forskning och annan kulturverksamhet. Fonden ut\u00f6kas fortl\u00f6pande.<\/p>\n","protected":false},"excerpt":{"rendered":"<p>Stiftelsens m\u00e5l \u00e4r att fr\u00e4mja fosterlandsk\u00e4nslan och den fysiska och psykiska v\u00e4lf\u00e4rden i hembygden samt att sl\u00e5 vakt om och utveckla den sociala v\u00e4xelverkan mellan inv\u00e5narna. Stiftelsen f\u00f6rverkligar intentionerna genom att utdela stipendier och priser f\u00f6r \u00e4ndam\u00e5l som fr\u00e4mjar ungdomars yrkeskunskap, vetenskaplig och konstn\u00e4rlig verksamhet samt forskning som syftar till att ge \u00e4ldre b\u00e4ttre levnadsf\u00f6rh\u00e5llanden. [&hellip;]<\/p>\n","protected":false},"author":1,"featured_media":0,"parent":65,"menu_order":0,"comment_status":"closed","ping_status":"closed","template":"","meta":{"footnotes":"","_links_to":"","_links_to_target":""},"class_list":["post-39","page","type-page","status-publish","hentry"],"_links":{"self":[{"href":"https:\/\/espoonseudunkulttuurisaatio.fi\/index.php?rest_route=\/wp\/v2\/pages\/39","targetHints":{"allow":["GET"]}}],"collection":[{"href":"https:\/\/espoonseudunkulttuurisaatio.fi\/index.php?rest_route=\/wp\/v2\/pages"}],"about":[{"href":"https:\/\/espoonseudunkulttuurisaatio.fi\/index.php?rest_route=\/wp\/v2\/types\/page"}],"author":[{"embeddable":true,"href":"https:\/\/espoonseudunkulttuurisaatio.fi\/index.php?rest_route=\/wp\/v2\/users\/1"}],"replies":[{"embeddable":true,"href":"https:\/\/espoonseudunkulttuurisaatio.fi\/index.php?rest_route=%2Fwp%2Fv2%2Fcomments&post=39"}],"version-history":[{"count":1,"href":"https:\/\/espoonseudunkulttuurisaatio.fi\/index.php?rest_route=\/wp\/v2\/pages\/39\/revisions"}],"predecessor-version":[{"id":41,"href":"https:\/\/espoonseudunkulttuurisaatio.fi\/index.php?rest_route=\/wp\/v2\/pages\/39\/revisions\/41"}],"up":[{"embeddable":true,"href":"https:\/\/espoonseudunkulttuurisaatio.fi\/index.php?rest_route=\/wp\/v2\/pages\/65"}],"wp:attachment":[{"href":"https:\/\/espoonseudunkulttuurisaatio.fi\/index.php?rest_route=%2Fwp%2Fv2%2Fmedia&parent=39"}],"curies":[{"name":"wp","href":"https:\/\/api.w.org\/{rel}","templated":true}]}}