{"id":45,"date":"2016-08-03T11:41:08","date_gmt":"2016-08-03T11:41:08","guid":{"rendered":"http:\/\/espoonseudunkulttuurisaatio.fi\/?page_id=45"},"modified":"2025-12-09T10:39:53","modified_gmt":"2025-12-09T10:39:53","slug":"stiftelsens-delegation","status":"publish","type":"page","link":"https:\/\/espoonseudunkulttuurisaatio.fi\/?page_id=45","title":{"rendered":"Stiftelsens delegation"},"content":{"rendered":"<p>Stiftelsens delegation \u00e4r ett r\u00e5dgivande organ som st\u00f6der styrelsens arbete. Delegationen representerar stiftelsens grundande instanser och intressentgrupper. Delegationen sam-mantr\u00e4der 1-2 g\u00e5nger\/\u00e5r. Delegationen informeras om fr\u00e5gor som \u00e4r aktuella f\u00f6r stiftelsen. Vid delegationens m\u00f6ten behandlas stiftelsens verksamhet och utveckling.<\/p>\n<p>Ordf\u00f6rande<br \/>\n<em>Kai Mykk\u00e4nen<\/em>, stadsdirekt\u00f6r, Esbo<\/p>\n<p>Vice ordf\u00f6rande<br \/>\n<em>Virpi Sailas<\/em>, kommundirekt\u00f6r, Kyrksl\u00e4tt<\/p>\n<p>Vice ordf\u00f6rande<br \/>\n<em>Christoffer Masar<\/em>, stadsdirekt\u00f6r, Grankulla<\/p>\n<p>Medlemmar<\/p>\n<p><em>Heidi Backman<\/em>, utbildningsdirekt\u00f6r<br \/>\n<em>Kaisamari Hintikka<\/em>, biskop<br \/>\n<em>Pilvi Kalhama<\/em>, museumdirekt\u00f6r<br \/>\n<em>Marketta Kokkonen<\/em>, stadsr\u00e5d<br \/>\n<em>Hannele Kujala<\/em>, bildningsdirekt\u00f6r<br \/>\n<em>Pekka L\u00f6yttyniemi<\/em>, stadsr\u00e5d<br \/>\n<em>Matti Pursula<\/em>, rektor emeritus<br \/>\n<em>Harri Rinta-Aho<\/em>, direkt\u00f6r<br \/>\n<em>Merja Rytsy<\/em>, rektor<br \/>\n<em>Jussi Salo,<\/em> chefredakt\u00f6r<br \/>\n<em>Pertti T\u00f6rm\u00e4l\u00e4<\/em>, rektor<br \/>\n<em>Jarmo Vaittinen<\/em>, kanslichef emeritus<br \/>\n<em>Juha Vilja<\/em>, ledande intendent<\/p>\n","protected":false},"excerpt":{"rendered":"<p>Stiftelsens delegation \u00e4r ett r\u00e5dgivande organ som st\u00f6der styrelsens arbete. Delegationen representerar stiftelsens grundande instanser och intressentgrupper. Delegationen sam-mantr\u00e4der 1-2 g\u00e5nger\/\u00e5r. Delegationen informeras om fr\u00e5gor som \u00e4r aktuella f\u00f6r stiftelsen. Vid delegationens m\u00f6ten behandlas stiftelsens verksamhet och utveckling. Ordf\u00f6rande Kai Mykk\u00e4nen, stadsdirekt\u00f6r, Esbo Vice ordf\u00f6rande Virpi Sailas, kommundirekt\u00f6r, Kyrksl\u00e4tt Vice ordf\u00f6rande Christoffer Masar, stadsdirekt\u00f6r, Grankulla [&hellip;]<\/p>\n","protected":false},"author":1,"featured_media":0,"parent":65,"menu_order":0,"comment_status":"closed","ping_status":"closed","template":"","meta":{"footnotes":"","_links_to":"","_links_to_target":""},"class_list":["post-45","page","type-page","status-publish","hentry"],"_links":{"self":[{"href":"https:\/\/espoonseudunkulttuurisaatio.fi\/index.php?rest_route=\/wp\/v2\/pages\/45","targetHints":{"allow":["GET"]}}],"collection":[{"href":"https:\/\/espoonseudunkulttuurisaatio.fi\/index.php?rest_route=\/wp\/v2\/pages"}],"about":[{"href":"https:\/\/espoonseudunkulttuurisaatio.fi\/index.php?rest_route=\/wp\/v2\/types\/page"}],"author":[{"embeddable":true,"href":"https:\/\/espoonseudunkulttuurisaatio.fi\/index.php?rest_route=\/wp\/v2\/users\/1"}],"replies":[{"embeddable":true,"href":"https:\/\/espoonseudunkulttuurisaatio.fi\/index.php?rest_route=%2Fwp%2Fv2%2Fcomments&post=45"}],"version-history":[{"count":11,"href":"https:\/\/espoonseudunkulttuurisaatio.fi\/index.php?rest_route=\/wp\/v2\/pages\/45\/revisions"}],"predecessor-version":[{"id":511,"href":"https:\/\/espoonseudunkulttuurisaatio.fi\/index.php?rest_route=\/wp\/v2\/pages\/45\/revisions\/511"}],"up":[{"embeddable":true,"href":"https:\/\/espoonseudunkulttuurisaatio.fi\/index.php?rest_route=\/wp\/v2\/pages\/65"}],"wp:attachment":[{"href":"https:\/\/espoonseudunkulttuurisaatio.fi\/index.php?rest_route=%2Fwp%2Fv2%2Fmedia&parent=45"}],"curies":[{"name":"wp","href":"https:\/\/api.w.org\/{rel}","templated":true}]}}