{"id":51,"date":"2016-08-03T11:42:52","date_gmt":"2016-08-03T11:42:52","guid":{"rendered":"http:\/\/espoonseudunkulttuurisaatio.fi\/?page_id=51"},"modified":"2017-08-28T07:18:34","modified_gmt":"2017-08-28T07:18:34","slug":"stipendier","status":"publish","type":"page","link":"https:\/\/espoonseudunkulttuurisaatio.fi\/?page_id=51","title":{"rendered":"Stipendier"},"content":{"rendered":"<p>Stiftelsen delar ut stipendier och premier f\u00f6r syften som fr\u00e4mjar ungdomars yrkeskompetens samt f\u00f6r vetenskaplig eller konstn\u00e4rlig verksamhet.<br \/>\nStipendierna som vanligtvis uppg\u00e5r till 300-2 000 \u20ac \u00e4r fr\u00e4mst avsedda f\u00f6r personer i \u00e5ldern 15-30 \u00e5r som st\u00f6d f\u00f6r<br \/>\n\u2022\tkonstn\u00e4rlig eller annan kulturell verksamhet<br \/>\n\u2022\tyrkes- eller vetenskaplig fortbildning<\/p>\n<p>Stiftelsen delar ocks\u00e5 ut stipendier f\u00f6r forskning som g\u00e4ller f\u00f6rb\u00e4ttrande av seniorernas levnadsf\u00f6rh\u00e5llanden. Vid valet av stipendiater betonas f\u00f6ljande forskningsomr\u00e5den:<br \/>\n\u2022\tfr\u00e4mjande av seniorernas h\u00e4lsa<br \/>\n\u2022\tfr\u00e4mjande av seniorernas sociala v\u00e4lbefinnande<br \/>\n\u2022\tfr\u00e4mjande av seniorernas m\u00f6jligheter att bo kvar i sina hem<\/p>\n<p>Stiftelsen beviljar dessutom stipendier f\u00f6r fortbildning som \u00e4r relaterad till ung f\u00f6retagsamhet samt f\u00f6r forskning som syftar till att skapa och utveckla kreativt f\u00f6retagande som \u00e4r anpassat till samh\u00e4llets behov. Fondens kapital ut\u00f6kas kontinuerligt.<\/p>\n<p>Stpipendieans\u00f6kan:<\/p>\n<p><a href=\"https:\/\/espoonseudunkulttuurisaatio.fi\/wp-content\/uploads\/2016\/09\/espoonksaatio_apurahahakemus_web_se.pdf\">espoonksaatio_apurahahakemus_web_se<\/a><\/p>\n<p><strong>ESBONEJDENS KULTURSTIFTELSE LEDIGANSL\u00c5R STIPENDIER F\u00d6R \u00c5R 2017<\/strong><\/p>\n<p>Esbonejdens kulturstiftelse rs verkar inom Esbo, Grankulla och Kyrksl\u00e4tt. Stiftelsens syfte \u00e4r att fr\u00e4mja vetenskaplig och konstn\u00e4rlig verksamhet samt forskning och fortbildning som h\u00f6jer ungdomars yrkeskompetens. Stiftelsen ledigansl\u00e5r  f\u00f6ljande stipendier: 1.  ungdomsstipendier f\u00f6r konstn\u00e4rlig eller   annan kulturell verksamhet samt f\u00f6r   yrkes- eller vetenskaplig fortbildning 2.  stipendier f\u00f6r forskning som syftar till att   f\u00f6rb\u00e4ttra \u00e4ldre personers levnadsf\u00f6r h\u00e5llanden 3.  stipendier till st\u00f6d f\u00f6r unga f\u00f6retagares   fortsatta studier samt f\u00f6r forskning som   g\u00e4ller f\u00f6retagande. Ans\u00f6kingar N\u00e4rmare uppgifter om ans\u00f6kningarna p\u00e5 www.espoonseudunkulttuurisaatio. fi\/Stipendier. Ans\u00f6kningarna ska per den 30.9.2017s\u00e4ndas via e-post till stiftelsens ombudsman Hannu Viitanen: hannu.viitanen@ kolumbus.fi. Eventuella fr\u00e5gor besvaras av ombudsmannen, tfn 040 533 8911. Stiftelsens styrelse meddelar per 31.10.2017 dem som beviljats stipendium.<\/p>\n","protected":false},"excerpt":{"rendered":"<p>Stiftelsen delar ut stipendier och premier f\u00f6r syften som fr\u00e4mjar ungdomars yrkeskompetens samt f\u00f6r vetenskaplig eller konstn\u00e4rlig verksamhet. Stipendierna som vanligtvis uppg\u00e5r till 300-2 000 \u20ac \u00e4r fr\u00e4mst avsedda f\u00f6r personer i \u00e5ldern 15-30 \u00e5r som st\u00f6d f\u00f6r \u2022 konstn\u00e4rlig eller annan kulturell verksamhet \u2022 yrkes- eller vetenskaplig fortbildning Stiftelsen delar ocks\u00e5 ut stipendier f\u00f6r [&hellip;]<\/p>\n","protected":false},"author":1,"featured_media":0,"parent":65,"menu_order":0,"comment_status":"closed","ping_status":"closed","template":"","meta":{"footnotes":"","_links_to":"","_links_to_target":""},"class_list":["post-51","page","type-page","status-publish","hentry"],"_links":{"self":[{"href":"https:\/\/espoonseudunkulttuurisaatio.fi\/index.php?rest_route=\/wp\/v2\/pages\/51","targetHints":{"allow":["GET"]}}],"collection":[{"href":"https:\/\/espoonseudunkulttuurisaatio.fi\/index.php?rest_route=\/wp\/v2\/pages"}],"about":[{"href":"https:\/\/espoonseudunkulttuurisaatio.fi\/index.php?rest_route=\/wp\/v2\/types\/page"}],"author":[{"embeddable":true,"href":"https:\/\/espoonseudunkulttuurisaatio.fi\/index.php?rest_route=\/wp\/v2\/users\/1"}],"replies":[{"embeddable":true,"href":"https:\/\/espoonseudunkulttuurisaatio.fi\/index.php?rest_route=%2Fwp%2Fv2%2Fcomments&post=51"}],"version-history":[{"count":7,"href":"https:\/\/espoonseudunkulttuurisaatio.fi\/index.php?rest_route=\/wp\/v2\/pages\/51\/revisions"}],"predecessor-version":[{"id":329,"href":"https:\/\/espoonseudunkulttuurisaatio.fi\/index.php?rest_route=\/wp\/v2\/pages\/51\/revisions\/329"}],"up":[{"embeddable":true,"href":"https:\/\/espoonseudunkulttuurisaatio.fi\/index.php?rest_route=\/wp\/v2\/pages\/65"}],"wp:attachment":[{"href":"https:\/\/espoonseudunkulttuurisaatio.fi\/index.php?rest_route=%2Fwp%2Fv2%2Fmedia&parent=51"}],"curies":[{"name":"wp","href":"https:\/\/api.w.org\/{rel}","templated":true}]}}