{"id":65,"date":"2016-08-05T07:26:51","date_gmt":"2016-08-05T07:26:51","guid":{"rendered":"http:\/\/espoonseudunkulttuurisaatio.fi\/?page_id=65"},"modified":"2016-08-05T07:29:47","modified_gmt":"2016-08-05T07:29:47","slug":"pa-svenska","status":"publish","type":"page","link":"https:\/\/espoonseudunkulttuurisaatio.fi\/?page_id=65","title":{"rendered":"P\u00e5 svenska"},"content":{"rendered":"<p>F\u00f6r att i arv \u00e5t kommande sl\u00e4ktled kunna l\u00e4mna de v\u00e4rden och framsteg som \u00e4r en frukt av deras egen generations erfarenheter och livsverk besl\u00f6t Esbo Krigsveteraner i anslutning till sitt 40-\u00e5rsjubileum \u00e5r 1999 grunda Esbonejdens Kulturstiftelse. De ville d\u00e4rmed visa att ett litet folks frihets- och sj\u00e4lvst\u00e4ndighetsvilja enligt deras uppfattning h\u00e4mtar sin styrke ur en h\u00f6g bildning, en s\u00e4rpr\u00e4glad kultur och trygga levnadsf\u00f6rh\u00e5llanden. Genom att grunda stiftelsen \u00f6nskade krigsveteranerna samtidigt betyga sin djupa k\u00e4nsla f\u00f6r och sin h\u00f6ga v\u00e4rdes\u00e4ttning av sina hemorter<br \/>\nEsbo och Grankulla st\u00e4der samt Kyrksl\u00e4tts kommun.<\/p>\n<p>Bland grundarna fans ocks\u00e5 Esbo och Grankulla st\u00e4der och Kyrksl\u00e4tt kommun, Tekniska h\u00f6gskolan och Esbo Stadsdelsf\u00f6reningars F\u00f6rbund.<\/p>\n<p>Motivet i kulturstiftelsens emblem \u00e4r ett ekl\u00f6v som st\u00e5r som en symbol f\u00f6r Esbonejdens traditionella \u00e4deltr\u00e4d.<br \/>\nEkl\u00f6vet knyter ocks\u00e5 kulturstiftelsen till omr\u00e5dets<br \/>\nveterangeneration, som \u00e4r stiftelsens grundare.<br \/>\nEmblemets f\u00e4rger symboliserar Esbonejdens havkust och omr\u00e5dets vackra gr\u00f6nskande landsbygd. De upp\u00e5tstigande vita \u00e5drorna \u00e5sk\u00e5dligg\u00f6r l\u00f6vets v\u00e4xt och f\u00f6r tankarna till omr\u00e5dets centrala urbana del, dess v\u00e4gn\u00e4t och andra f\u00f6rbindelser. L\u00f6vets \u201cfingrar\u201d representerar f\u00f6r sin del liksom dess \u00e5dror<br \/>\nde tre kommunerna.<\/p>\n","protected":false},"excerpt":{"rendered":"<p>F\u00f6r att i arv \u00e5t kommande sl\u00e4ktled kunna l\u00e4mna de v\u00e4rden och framsteg som \u00e4r en frukt av deras egen generations erfarenheter och livsverk besl\u00f6t Esbo Krigsveteraner i anslutning till sitt 40-\u00e5rsjubileum \u00e5r 1999 grunda Esbonejdens Kulturstiftelse. De ville d\u00e4rmed visa att ett litet folks frihets- och sj\u00e4lvst\u00e4ndighetsvilja enligt deras uppfattning h\u00e4mtar sin styrke ur [&hellip;]<\/p>\n","protected":false},"author":1,"featured_media":0,"parent":0,"menu_order":2,"comment_status":"closed","ping_status":"closed","template":"","meta":{"footnotes":"","_links_to":"","_links_to_target":""},"class_list":["post-65","page","type-page","status-publish","hentry"],"_links":{"self":[{"href":"https:\/\/espoonseudunkulttuurisaatio.fi\/index.php?rest_route=\/wp\/v2\/pages\/65","targetHints":{"allow":["GET"]}}],"collection":[{"href":"https:\/\/espoonseudunkulttuurisaatio.fi\/index.php?rest_route=\/wp\/v2\/pages"}],"about":[{"href":"https:\/\/espoonseudunkulttuurisaatio.fi\/index.php?rest_route=\/wp\/v2\/types\/page"}],"author":[{"embeddable":true,"href":"https:\/\/espoonseudunkulttuurisaatio.fi\/index.php?rest_route=\/wp\/v2\/users\/1"}],"replies":[{"embeddable":true,"href":"https:\/\/espoonseudunkulttuurisaatio.fi\/index.php?rest_route=%2Fwp%2Fv2%2Fcomments&post=65"}],"version-history":[{"count":1,"href":"https:\/\/espoonseudunkulttuurisaatio.fi\/index.php?rest_route=\/wp\/v2\/pages\/65\/revisions"}],"predecessor-version":[{"id":68,"href":"https:\/\/espoonseudunkulttuurisaatio.fi\/index.php?rest_route=\/wp\/v2\/pages\/65\/revisions\/68"}],"wp:attachment":[{"href":"https:\/\/espoonseudunkulttuurisaatio.fi\/index.php?rest_route=%2Fwp%2Fv2%2Fmedia&parent=65"}],"curies":[{"name":"wp","href":"https:\/\/api.w.org\/{rel}","templated":true}]}}